{"id":734,"date":"2022-04-04T15:16:07","date_gmt":"2022-04-04T19:16:07","guid":{"rendered":"http:\/\/h-residency.org\/?page_id=734"},"modified":"2022-05-17T00:56:58","modified_gmt":"2022-05-17T04:56:58","slug":"a-cielo-abierto","status":"publish","type":"page","link":"https:\/\/h-residency.org\/es\/a-cielo-abierto\/","title":{"rendered":"A Cielo Abierto<h2>Laboratorio de Formaci\u00f3n Art\u00edstica<\/h2>"},"content":{"rendered":"<p><\/p>\n<div>\n<div class=\"bloque_de_programa\">\n<div class=\"block-programa l lab\">\n<div class=\"block-imagen-programa\"><a href=\"http:\/\/h-residency.org\/creatividad-ancestral-con-materiales-contemporaneos\/\"><img decoding=\"async\" src=\"https:\/\/h-residency.org\/h-wp\/wp-content\/uploads\/2022\/03\/obra-david.jpg\" alt=\"imagen de david\" \/><\/a><\/div>\n<div class=\"block-descripcion-programa\">\n<p><strong>Laboratorio de Formaci\u00f3n Art\u00edstica<\/strong><\/p>\n<h3><a href=\"http:\/\/h-residency.org\/creatividad-ancestral-con-materiales-contemporaneos\/\">Creatividad ancestral con materiales contempor\u00e1neo<\/a><\/h3>\n<p><strong><em>Desde el 18 al 23 de Abril<\/em><\/strong><br \/>\nLunes 18 \u2013 Viernes 22 de Abril<br \/>\nde 15:00 a 18:00 hr<br \/>\nS\u00e1bado 23 de Abril<br \/>\nde 10:30 a 13:00 hr<br \/>\nCentro de Arte Ojo del Desierto<br \/>\n<a title=\"Centro Cultural Ojo del Desierto\" href=\"https:\/\/goo.gl\/maps\/UX8QUHgGjUpMR9Sg9\" target=\"_blank\" rel=\"noopener\">Av. Granaderos 2561, Calama<\/a><\/p>\n<\/div>\n<\/div>\n<div class=\"block-programa r lab\">\n<div class=\"block-imagen-programa\"><a href=\"http:\/\/h-residency.org\/introduccion-a-la-programacion-creativa-p5-js\/\"><img decoding=\"async\" src=\"http:\/\/h-residency.org\/h-wp\/wp-content\/uploads\/2022\/03\/processing.png\" alt=\"processing javascript lab\" \/><\/a><\/div>\n<div class=\"block-descripcion-programa\">\n<p><strong>Laboratorio de Formaci\u00f3n Art\u00edstica<\/strong><\/p>\n<h3><a href=\"http:\/\/h-residency.org\/introduccion-a-la-programacion-creativa-p5-js\/\"><strong>Introducci\u00f3n a la Programaci\u00f3n Creativa (P5.js)<\/strong><\/a><\/h3>\n<p><em><strong>Desde el 25 al 30 de Abril<\/strong><\/em><\/p>\n<p>Martes 26 \u2013 Viernes 29 de Abril<br \/>\nde 15:00 a 18:00 hr<br \/>\nS\u00e1bado 30 de Abril<br \/>\nde 10:30 a 13:00 hr<\/p>\n<p>Caf\u00e9 Arte Vicente Huidobro<br \/>\n<a title=\"Caf\u00e9 Arte Vicente Huidobro\" href=\"https:\/\/goo.gl\/maps\/3kQRxStPUV6rCRkY7\" target=\"_blank\" rel=\"noopener\">Eleuterio Ram\u00edrez 2022, Calama<\/a><\/p>\n<\/div>\n<\/div>\n<div class=\"block-programa r lab\">\n<div class=\"block-imagen-programa\"><a href=\"http:\/\/h-residency.org\/geografia-sensorial-del-desierto\/\"><img decoding=\"async\" src=\"http:\/\/h-residency.org\/h-wp\/wp-content\/uploads\/2022\/04\/de-la-serie-partituras-ximena-borquez-2012.jpg\" alt=\"cielos binarios gonzalo reyes araos\" \/><\/a><\/div>\n<div class=\"block-descripcion-programa\">\n<p><strong>Laboratorio de Formaci\u00f3n Art\u00edstica<\/strong><\/p>\n<h3><a href=\"http:\/\/h-residency.org\/geografia-sensorial-del-desierto\/\"><strong>Geograf\u00eda Sensorial del Desierto<\/strong><\/a><\/h3>\n<p><em><strong>Desde el 2 al 7 de Mayo<\/strong><\/em><\/p>\n<p>Lunes 2 a Viernes 6 de Mayo<br \/>\nde 15:00 a 18:00 hr<br \/>\nS\u00e1bado 7 de Mayo<br \/>\nde 10:30 a 13:00 hr<\/p>\n<p>Museo de Historia Natural y Cultural del Desierto de Atacama (Parque el Loa)<br \/>\n<a title=\"Centro Cultural Ojo del Desierto\" href=\"https:\/\/goo.gl\/maps\/4YYgtgXiqtYvLMeu7\" target=\"_blank\" rel=\"noopener\">Parque el Loa, Calama<\/a><\/p>\n<\/div>\n<\/div>\n<div class=\"block-programa l talk\">\n<div class=\"block-imagen-programa\"><a href=\"http:\/\/h-residency.org\/geografia-sensorial-del-desierto-ximena-borquez\/\"><img decoding=\"async\" src=\"http:\/\/h-residency.org\/h-wp\/wp-content\/uploads\/2022\/04\/sensorial.jpg\" alt=\"geografia-sensorial-del-desierto-ximena-borquez\" \/><\/a><\/div>\n<div class=\"block-descripcion-programa\">\n<p><strong>Charla de Artista<\/strong><\/p>\n<h3><a href=\"http:\/\/h-residency.org\/geografia-sensorial-del-desierto-ximena-borquez\/\"><strong>Geograf\u00eda Sensorial, Gr\u00e1fica Expandida a los Nuevos Medios &#8211; Ximena Borquez<\/strong><\/a><\/h3>\n<p><em><strong>Jueves 5 de Mayo<\/strong><\/em><br \/>\nde 11:00 a 12:30 hr<br \/>\nMuseo de Historia Natural y Cultural del Desierto de Atacama (Parque el Loa)<br \/>\n<a title=\"Centro Cultural Ojo del Desierto\" href=\"https:\/\/goo.gl\/maps\/4YYgtgXiqtYvLMeu7\" target=\"_blank\" rel=\"noopener\">Parque el Loa, Calama<\/a><\/p>\n<\/div>\n<\/div>\n<div class=\"block-programa l talk\">\n<div class=\"block-imagen-programa\"><a href=\"http:\/\/h-residency.org\/umbrales\/\"><img decoding=\"async\" src=\"http:\/\/h-residency.org\/h-wp\/wp-content\/uploads\/2022\/04\/Alaska.png\" alt=\"cielos binarios gonzalo reyes araos\" \/><\/a><\/div>\n<div class=\"block-descripcion-programa\">\n<p><strong>Charla de Artista<\/strong><\/p>\n<h3><a href=\"http:\/\/h-residency.org\/umbrales\/\"><strong>Umbrales \u2013 Gonzalo Reyes Araos<\/strong><\/a><\/h3>\n<p><em><strong>Jueves 05 de Mayo<\/strong><\/em><br \/>\nde 11:00 a 12:30 hr<br \/>\nColegio Radomiro Tomic<br \/>\n<a title=\"Caf\u00e9 Arte Vicente Huidobro\" href=\"https:\/\/goo.gl\/maps\/kJPJ7tH3Q1Kg9pov6\" target=\"_blank\" rel=\"noopener\">Ram\u00f3n Freire s\/n, Calama<\/a><\/p>\n<\/div>\n<\/div>\n<div class=\"block-programa r exhib\">\n<div class=\"block-imagen-programa\"><a href=\"#\"><br \/>\n<img decoding=\"async\" src=\"http:\/\/h-residency.org\/h-wp\/wp-content\/uploads\/2018\/06\/h0-view-_6.jpg\" alt=\"vista de la exposicion de h residency\" \/> <\/a><\/div>\n<div class=\"block-descripcion-programa\">\n<p><strong>Exposici\u00f3n<\/strong><\/p>\n<h3><strong>A Cielo Abierto<\/strong><br \/>\n<strong>Exposici\u00f3n de Laboratorios de Formaci\u00f3n Art\u00edstica<\/strong><\/h3>\n<p><strong><em>Inauguraci\u00f3n 10 de Mayo<\/em><em>, a las 12:00 hrs<\/em><\/strong><\/p>\n<p>Exposici\u00f3n abierta del 10 al 27 de Mayo<br \/>\n09:00 a 13:00 hr \/\/\u00a015:00 a 18:00 hr<\/p>\n<p>Galer\u00eda de Arte Pablo Neruda<br \/>\n<a title=\"Caf\u00e9 Arte Vicente Huidobro\" href=\"https:\/\/goo.gl\/maps\/3kQRxStPUV6rCRkY7\" target=\"_blank\" rel=\"noopener\">Eleuterio Ram\u00edrez 2022, Calama<\/a><\/p>\n<\/div>\n<\/div>\n<div class=\"block-programa l talk\">\n<div class=\"block-imagen-programa\"><a href=\"http:\/\/h-residency.org\/es\/arte-en-el-desierto-david-corvalan\/\"><img decoding=\"async\" src=\"http:\/\/h-residency.org\/h-wp\/wp-content\/uploads\/2022\/04\/refugio-inutil-david-corvalan-2017.jpg\" alt=\"arte desde el desierto david corvalan\" \/><\/a><\/div>\n<div class=\"block-descripcion-programa\">\n<p><strong>Charla de Artista<\/strong><\/p>\n<h3><a href=\"http:\/\/h-residency.org\/arte-en-el-desierto-david-corvalan\/\"><strong>Arte desde el Desierto \u2013 David Corval\u00e1n<\/strong><\/a><\/h3>\n<p><strong><i>Mi\u00e9rcoles 18 de Mayo<\/i><\/strong><br \/>\nde 10:30 a 12:00 hr<br \/>\nFormato h\u00edbrido (presencial \/ virtual)<br \/>\nColegio Leonardo Da Vinci<br \/>\n<a href=\"https:\/\/goo.gl\/maps\/1zAi8k9WfvvpAcAEA\" target=\"_blank\" rel=\"noopener\">Cam. Vecinal 286, Calama<\/a><br \/>\ny v\u00eda plataforma Zoom<\/p>\n<\/div>\n<\/div>\n<div class=\"block-programa r talk\">\n<div class=\"block-imagen-programa\"><a href=\"http:\/\/h-residency.org\/en\/charla-de-artista-de-liina-klauss\/\"><img decoding=\"async\" src=\"http:\/\/h-residency.org\/h-wp\/wp-content\/uploads\/2022\/04\/02_topshot_breguet_liina-klauss.jpg\" alt=\"\" \/><br \/>\n<\/a><\/div>\n<div class=\"block-descripcion-programa\">\n<p><strong>Charlas de Artista<\/strong><\/p>\n<h3><a href=\"http:\/\/h-residency.org\/charla-de-artista-de-liina-klauss\/\"><strong>Liina Klauss<\/strong><\/a><\/h3>\n<p><em><strong>Mi\u00e9rcoles \u00a018 de Mayo<\/strong><\/em><br \/>\n10:30 &#8211; 12:00 hrs<br \/>\nFormato h\u00edbrido (presencial \/ virtual)<br \/>\nColegio Leonardo Da Vinci<br \/>\n<a href=\"https:\/\/goo.gl\/maps\/1zAi8k9WfvvpAcAEA\" target=\"_blank\" rel=\"noopener\">Cam. Vecinal 286, Calama<\/a><br \/>\ny v\u00eda plataforma Zoom<\/p>\n<\/div>\n<\/div>\n<div class=\"block-programa l visit\">\n<div class=\"block-imagen-programa\"><a href=\"#\"><br \/>\n<img decoding=\"async\" src=\"http:\/\/h-residency.org\/h-wp\/wp-content\/uploads\/2022\/04\/visitas-guiadas-h-residency-2018.jpg\" alt=\"visitas guiadas h residency\" \/><br \/>\n<\/a><\/div>\n<div class=\"block-descripcion-programa\">\n<p><strong>Visita Mediada<\/strong><\/p>\n<h3><strong>Visita Mediada a la exposici\u00f3n &#8211; A Cielo Abierto<\/strong><\/h3>\n<p><em><strong>Mi\u00e9rcoles 25\u00a0de Mayo<\/strong><\/em><br \/>\nde 10:30 a 11:30 hrs<br \/>\n<strong><em>Jueves 26 de Mayo<\/em><\/strong><br \/>\nde 10:30 a 11:30 hrs<br \/>\nGaler\u00eda de Arte Pablo Neruda<br \/>\n<a title=\"Caf\u00e9 Arte Vicente Huidobro\" href=\"https:\/\/goo.gl\/maps\/3kQRxStPUV6rCRkY7\" target=\"_blank\" rel=\"noopener\">Eleuterio Ram\u00edrez 2022, Calama<\/a><\/p>\n<\/div>\n<\/div>\n<\/div>\n<div class=\"bloque_texto\">\n<p><strong>A Cielo Abierto. Laboratorio de Formaci\u00f3n Art\u00edstica<\/strong> es una propuesta formativa organizada en un ciclo de laboratorios creativos que promueven las posibilidades expresivas y art\u00edsticas no convencionales, as\u00ed como metodolog\u00edas y perspectivas transdisciplinares de las artes visuales. Estos Laboratorios buscan transmitir a los participantes herramientas pr\u00e1cticas y discursivas acerca de las posibilidades investigativas, as\u00ed como los usos de diversos formatos y medios expresivos, utilizando como soporte el cuerpo, la apropiaci\u00f3n del espacio<br \/>\np\u00fablico, paisaje y empleo de la tecnolog\u00eda.<\/p>\n<p>Los laboratorios sostienen di\u00e1logos entre diversos campos del saber donde se abordan procesos reflexivos que posibilitan una comprensi\u00f3n m\u00e1s amplia y experimental de lo que implica la creaci\u00f3n art\u00edstica en nuestro tiempo.<br \/>\nLa programaci\u00f3n formativa propuesta se basa en los laboratorios creativos impartidos por un artista qui\u00e9n, mediante metodolog\u00edas reflexivas y participativas, gu\u00eda a los los asistentes en procesos co-creativos, construyendo de manera participativa la instancia de creaci\u00f3n y reflexi\u00f3n cr\u00edtica a trav\u00e9s de la materialidad, el entorno, paisaje, memorias entre otros temas que el artista considere relevantes abordar desde una perspectiva investigativa.<\/p>\n<p>El programa fomenta la descentralizaci\u00f3n de las artes visuales contempor\u00e1neas en un contexto geogr\u00e1fico extremo, promueve la profesionalizaci\u00f3n de agentes culturales, y la mediaci\u00f3n de p\u00fablicos.<\/p>\n<p>\u00c9ste consiste en un ciclo de tres laboratorios de formaci\u00f3n art\u00edstica, presenciales, impartido por tres artistas visuales nacionales. Cada Laboratorio formativo cuenta entre cinco a seis sesiones consecutivas, charlas de artista, jornada mediaci\u00f3n art\u00edstica y cierre de programa mediante una exposici\u00f3n colectiva de los resultados de los laboratorios.<\/p>\n<p>Estas jornadas se realizan en el Museo Historia Natural y Cultural Desierto de Atacama, en el Espacio Cultural Emilio Vaisse y en el Centro de Arte Ojo del Desierto. El programa es de alcance local (actividades presenciales) y nacional (modalidad online de algunas de las jornadas). Las actividades est\u00e1n dirigidas a j\u00f3venes, adultos y\/o creadores, de la misma manera.<\/p>\n<p>La metodolog\u00eda de ense\u00f1anza enfatiza procesos experienciales y reflexivos, (teor\u00eda, y pr\u00e1ctica), induciendo a los participantes de modo experiencial y participativo al lenguaje de las artes visuales contempor\u00e1neas, sus m\u00faltiples di\u00e1logos en relaci\u00f3n a la memoria sensorial, ancestralidad y digitalizaci\u00f3n de los procesos creativos.<\/p>\n<\/div>\n<\/div>\n<p><\/p>","protected":false},"excerpt":{"rendered":"<p>Laboratorio de Formaci\u00f3n Art\u00edstica Creatividad ancestral con materiales contempor\u00e1neo Desde el 18 al 23 de Abril Lunes 18 \u2013 Viernes 22 de Abril de 15:00 a 18:00 hr S\u00e1bado 23 de Abril de 10:30 a 13:00 hr Centro de Arte Ojo del Desierto Av. Granaderos 2561, Calama Laboratorio de Formaci\u00f3n Art\u00edstica Introducci\u00f3n a la Programaci\u00f3n &hellip; <\/p>\n<p class=\"link-more\"><a href=\"https:\/\/h-residency.org\/es\/a-cielo-abierto\/\" class=\"more-link\">Continuar leyendo<span class=\"screen-reader-text\"> \u00abA Cielo Abierto<\/p>\n<h2>Laboratorio de Formaci\u00f3n Art\u00edstica<\/h2>\n<p>\u00ab<\/span><\/a><\/p>\n","protected":false},"author":1,"featured_media":0,"parent":0,"menu_order":0,"comment_status":"closed","ping_status":"closed","template":"","meta":{"ngg_post_thumbnail":0,"footnotes":""},"class_list":["post-734","page","type-page","status-publish","hentry"],"acf":[],"aioseo_notices":[],"_links":{"self":[{"href":"https:\/\/h-residency.org\/es\/wp-json\/wp\/v2\/pages\/734","targetHints":{"allow":["GET"]}}],"collection":[{"href":"https:\/\/h-residency.org\/es\/wp-json\/wp\/v2\/pages"}],"about":[{"href":"https:\/\/h-residency.org\/es\/wp-json\/wp\/v2\/types\/page"}],"author":[{"embeddable":true,"href":"https:\/\/h-residency.org\/es\/wp-json\/wp\/v2\/users\/1"}],"replies":[{"embeddable":true,"href":"https:\/\/h-residency.org\/es\/wp-json\/wp\/v2\/comments?post=734"}],"version-history":[{"count":119,"href":"https:\/\/h-residency.org\/es\/wp-json\/wp\/v2\/pages\/734\/revisions"}],"predecessor-version":[{"id":1014,"href":"https:\/\/h-residency.org\/es\/wp-json\/wp\/v2\/pages\/734\/revisions\/1014"}],"wp:attachment":[{"href":"https:\/\/h-residency.org\/es\/wp-json\/wp\/v2\/media?parent=734"}],"curies":[{"name":"wp","href":"https:\/\/api.w.org\/{rel}","templated":true}]}}