{"id":13,"date":"2018-06-08T22:01:26","date_gmt":"2018-06-08T22:01:26","guid":{"rendered":"https:\/\/hache.cl\/h-wp\/?page_id=13"},"modified":"2021-08-18T19:07:18","modified_gmt":"2021-08-18T23:07:18","slug":"about","status":"publish","type":"page","link":"https:\/\/h-residency.org\/es\/about\/","title":{"rendered":"Residencia"},"content":{"rendered":"<p><img loading=\"lazy\" decoding=\"async\" class=\"aligncenter size-full wp-image-589\" src=\"http:\/\/h-residency.org\/h-wp\/wp-content\/uploads\/2020\/10\/IMG_0719.jpg\" alt=\"\" width=\"2200\" height=\"1467\" srcset=\"https:\/\/h-residency.org\/h-wp\/wp-content\/uploads\/2020\/10\/IMG_0719.jpg 2200w, https:\/\/h-residency.org\/h-wp\/wp-content\/uploads\/2020\/10\/IMG_0719-300x200.jpg 300w, https:\/\/h-residency.org\/h-wp\/wp-content\/uploads\/2020\/10\/IMG_0719-1024x683.jpg 1024w, https:\/\/h-residency.org\/h-wp\/wp-content\/uploads\/2020\/10\/IMG_0719-768x512.jpg 768w, https:\/\/h-residency.org\/h-wp\/wp-content\/uploads\/2020\/10\/IMG_0719-1536x1024.jpg 1536w, https:\/\/h-residency.org\/h-wp\/wp-content\/uploads\/2020\/10\/IMG_0719-2048x1366.jpg 2048w\" sizes=\"auto, (max-width: 706px) 89vw, (max-width: 767px) 82vw, 740px\" \/><br \/>\n<b>H <\/b>es una residencia art\u00edstica experimental ubicada en el desierto de Atacama. Surge en el a\u00f1o 2018 con el inter\u00e9s de establecer un polo de investigaci\u00f3n art\u00edstica internacional y multicultural en un territorio geogr\u00e1ficamente extremo.<\/p>\n<p>Residencia <b>H <\/b>es una instancia de encuentro, di\u00e1logo y experimentaci\u00f3n desde el arte contempor\u00e1neo, en donde artistas y curadores provenientes de diferentes pa\u00edses son invitados a reflexionar a partir de la experiencia vivida en la rica situaci\u00f3n geogr\u00e1fica, hist\u00f3rica y cultural que ofrece el seno del desierto m\u00e1s \u00e1rido del mundo.<\/p>\n<p>Anualmente, <b>H <\/b>abre sus puertas e invita a un grupo de artistas a residir en la ciudad de Calama, punto clave de conexi\u00f3n entre la costa, la ciudad de Antofagasta, los pueblos del interior del desierto y de la cordillera de los Andes.<\/p>\n<p>Situados a m\u00e1s de 2\u2019200 metros sobre el nivel del mar, los artistas inician un proceso de reflexi\u00f3n mediante la observaci\u00f3n y exploraci\u00f3n del territorio en el cual conviven con una situaci\u00f3n geogr\u00e1fica extrema, dando pie a la experimentaci\u00f3n de formas de producci\u00f3n art\u00edstica multidisciplinarias inspiradas por el cruce del arte con diversos aspectos que esta zona del mundo nos ofrece; la relaci\u00f3n sostenida por los pueblos antiguos y modernos con la ciencia, la tecnolog\u00eda y la astronom\u00eda; la geolog\u00eda, la paleontolog\u00eda, la historia y la arqueolog\u00eda; la mirada antropol\u00f3gica frente a fen\u00f3menos sociales derivados de la explotaci\u00f3n econ\u00f3mica de los recursos naturales; y la rica cultura derivada de los pueblos precolombinos aut\u00f3ctonos de la regi\u00f3n.<\/p>\n<p>El espacio de residencia y habitaci\u00f3n de <b>H<\/b>, consiste en el antiguo hogar de una familia y actual oficina de una empresa de servicios de ingenier\u00eda, que se encuentra en un terreno industrial de 5\u2019000 m2 frente a un llano bald\u00edo en la periferia de la ciudad de Calama. La residencia cuenta con todas las comodidades necesarias para vivir y para trabajar, tanto para una familia como para los residentes.<\/p>\n<figure id=\"attachment_593\" aria-describedby=\"caption-attachment-593\" style=\"width: 1000px\" class=\"wp-caption aligncenter\"><img loading=\"lazy\" decoding=\"async\" class=\"wp-image-593 size-full\" src=\"http:\/\/h-residency.org\/h-wp\/wp-content\/uploads\/2020\/10\/Kiessling-SpainNewZealand.jpg\" alt=\"Felix Kissling\" width=\"1000\" height=\"696\" srcset=\"https:\/\/h-residency.org\/h-wp\/wp-content\/uploads\/2020\/10\/Kiessling-SpainNewZealand.jpg 1000w, https:\/\/h-residency.org\/h-wp\/wp-content\/uploads\/2020\/10\/Kiessling-SpainNewZealand-300x209.jpg 300w, https:\/\/h-residency.org\/h-wp\/wp-content\/uploads\/2020\/10\/Kiessling-SpainNewZealand-768x535.jpg 768w\" sizes=\"auto, (max-width: 706px) 89vw, (max-width: 767px) 82vw, 740px\" \/><figcaption id=\"caption-attachment-593\" class=\"wp-caption-text\">Felix Kissling<\/figcaption><\/figure>\n<p><b>H <\/b>propone cada a\u00f1o un programa de reconocimiento del territorio a los artistas en residencia, en el que guiados por arque\u00f3logos y lugare\u00f1os conocedores de la regi\u00f3n, se organizan visitas a las localidades del desierto, lugares de inter\u00e9s arqueol\u00f3gico, hist\u00f3rico, industrial, cient\u00edfico y sociol\u00f3gico.<\/p>\n<p>Luego de un tiempo estimado de dos meses de trabajo, las y los artistas residentes presentan una exposici\u00f3n colectiva en Calama, mostrando parte de su proceso de investigaci\u00f3n. Esta instancia, contempla una visita guiada a las escuelas y para un p\u00fablico general.<\/p>\n<p>El programa de residencia se extiende internacionalmente, desde Calama (Chile) hasta Berl\u00edn (Alemania), en donde las y los artistas presentar\u00e1n una charla en un espacio cultural de la ciudad. Esta exposici\u00f3n permite compartir las reflexiones de los creadores y conectar la escena cultural y art\u00edstica calame\u00f1a con la ciudad de Berl\u00edn, mediante la obra y los procesos creativos que permite conocer la experiencia vivida durante la residencia. De esta manera, <b>H <\/b>promueve distintos aspectos de la riqueza cultural del desierto de Atacama en el extranjero y desde una reflexi\u00f3n art\u00edstica.<\/p>\n<p>A trav\u00e9s de reuniones y visitas de taller, H abre instancias de di\u00e1logo con artistas y actores culturales locales, creando y estrechando reflexiones entre los invitados extranjeros y la escena cultural calame\u00f1a.<\/p>\n<p>El car\u00e1cter internacional de H fomenta la diversidad, la integraci\u00f3n multicultural y la tolerancia a trav\u00e9s del intercambio de saberes en la regi\u00f3n de Antofagasta e impulsa a la educaci\u00f3n y la difusi\u00f3n del arte contempor\u00e1neo de forma informativa e interactiva por la v\u00eda de un ciclo de charlas, dirigidas a ni\u00f1os, ni\u00f1as y j\u00f3venes. Estas se contemplan cada a\u00f1o en escuelas p\u00fablicas y privadas de Calama, en donde los artistas invitados exponen su trabajo, sus visiones frente al arte contempor\u00e1neo y comparten experiencias con la comunidad.<\/p>","protected":false},"excerpt":{"rendered":"<p>H es una residencia art\u00edstica experimental ubicada en el desierto de Atacama. Surge en el a\u00f1o 2018 con el inter\u00e9s de establecer un polo de investigaci\u00f3n art\u00edstica internacional y multicultural en un territorio geogr\u00e1ficamente extremo. Residencia H es una instancia de encuentro, di\u00e1logo y experimentaci\u00f3n desde el arte contempor\u00e1neo, en donde artistas y curadores provenientes &hellip; <\/p>\n<p class=\"link-more\"><a href=\"https:\/\/h-residency.org\/es\/about\/\" class=\"more-link\">Continuar leyendo<span class=\"screen-reader-text\"> \u00abResidencia\u00bb<\/span><\/a><\/p>\n","protected":false},"author":1,"featured_media":0,"parent":0,"menu_order":0,"comment_status":"closed","ping_status":"closed","template":"","meta":{"ngg_post_thumbnail":0,"footnotes":""},"class_list":["post-13","page","type-page","status-publish","hentry"],"acf":[],"aioseo_notices":[],"_links":{"self":[{"href":"https:\/\/h-residency.org\/es\/wp-json\/wp\/v2\/pages\/13","targetHints":{"allow":["GET"]}}],"collection":[{"href":"https:\/\/h-residency.org\/es\/wp-json\/wp\/v2\/pages"}],"about":[{"href":"https:\/\/h-residency.org\/es\/wp-json\/wp\/v2\/types\/page"}],"author":[{"embeddable":true,"href":"https:\/\/h-residency.org\/es\/wp-json\/wp\/v2\/users\/1"}],"replies":[{"embeddable":true,"href":"https:\/\/h-residency.org\/es\/wp-json\/wp\/v2\/comments?post=13"}],"version-history":[{"count":35,"href":"https:\/\/h-residency.org\/es\/wp-json\/wp\/v2\/pages\/13\/revisions"}],"predecessor-version":[{"id":595,"href":"https:\/\/h-residency.org\/es\/wp-json\/wp\/v2\/pages\/13\/revisions\/595"}],"wp:attachment":[{"href":"https:\/\/h-residency.org\/es\/wp-json\/wp\/v2\/media?parent=13"}],"curies":[{"name":"wp","href":"https:\/\/api.w.org\/{rel}","templated":true}]}}