{"id":1019,"date":"2023-06-13T12:48:08","date_gmt":"2023-06-13T16:48:08","guid":{"rendered":"http:\/\/h-residency.org\/?page_id=1019"},"modified":"2024-10-31T16:20:35","modified_gmt":"2024-10-31T20:20:35","slug":"resignificar","status":"publish","type":"page","link":"https:\/\/h-residency.org\/en\/","title":{"rendered":"RESIGNIFICAR"},"content":{"rendered":"<p>In this fourth version, the H Residency programme called RESIGNIFICAR invites 17 artists selected through an open call in the region of Antofagasta in Chile. The Artistic Residency space includes Training Laboratories in Calama and Alto El Loa, which are guided by two artists with extensive national and international experience: Raimundo Edwards Alonso (Chile) and Marcela Moraga Mill\u00e1n (Chile\/Germany).<\/p>\n<p><img loading=\"lazy\" decoding=\"async\" class=\"aligncenter size-full wp-image-1251\" src=\"http:\/\/h-residency.org\/h-wp\/wp-content\/uploads\/2023\/08\/H-Residency-2023-resignificar.jpg\" alt=\"H Residency 2023 - Resignificar. Participantes en el Museo de Historia Natural y Cultural del Desierto de Atacama\" width=\"2200\" height=\"1238\" srcset=\"https:\/\/h-residency.org\/h-wp\/wp-content\/uploads\/2023\/08\/H-Residency-2023-resignificar.jpg 2200w, https:\/\/h-residency.org\/h-wp\/wp-content\/uploads\/2023\/08\/H-Residency-2023-resignificar-300x169.jpg 300w, https:\/\/h-residency.org\/h-wp\/wp-content\/uploads\/2023\/08\/H-Residency-2023-resignificar-1024x576.jpg 1024w, https:\/\/h-residency.org\/h-wp\/wp-content\/uploads\/2023\/08\/H-Residency-2023-resignificar-768x432.jpg 768w, https:\/\/h-residency.org\/h-wp\/wp-content\/uploads\/2023\/08\/H-Residency-2023-resignificar-1536x864.jpg 1536w, https:\/\/h-residency.org\/h-wp\/wp-content\/uploads\/2023\/08\/H-Residency-2023-resignificar-2048x1152.jpg 2048w\" sizes=\"auto, (max-width: 706px) 89vw, (max-width: 767px) 82vw, 740px\" \/><\/p>\n<p>The Textile Ecosystem Laboratory, <a href=\"http:\/\/h-residency.org\/ecosistema-textil-historias-de-montana-y-extracciones\/\">Stories of Mountains and Extractions<\/a>, taught by <a href=\"http:\/\/h-residency.org\/marcela-moraga\/\">Marcela Moraga Mill\u00e1n<\/a>, invites participants to exchange experiences and knowledge about textiles in their various dimensions, to analyse the industrial and mestizo dimension of Andean textiles and their relationship with the territory intervened by mining extraction. The participants were invited to create a textile history, construct garments, and conduct a collective video performance in the territory.<\/p>\n<p><img loading=\"lazy\" decoding=\"async\" class=\"aligncenter size-full wp-image-1252\" src=\"http:\/\/h-residency.org\/h-wp\/wp-content\/uploads\/2023\/08\/MARCELAMORAGA-HRESIDENCY.jpg\" alt=\"H Residency - Resignificar. Marcela Moraga Mill\u00e1n\" width=\"2200\" height=\"1302\" srcset=\"https:\/\/h-residency.org\/h-wp\/wp-content\/uploads\/2023\/08\/MARCELAMORAGA-HRESIDENCY.jpg 2200w, https:\/\/h-residency.org\/h-wp\/wp-content\/uploads\/2023\/08\/MARCELAMORAGA-HRESIDENCY-300x178.jpg 300w, https:\/\/h-residency.org\/h-wp\/wp-content\/uploads\/2023\/08\/MARCELAMORAGA-HRESIDENCY-1024x606.jpg 1024w, https:\/\/h-residency.org\/h-wp\/wp-content\/uploads\/2023\/08\/MARCELAMORAGA-HRESIDENCY-768x455.jpg 768w, https:\/\/h-residency.org\/h-wp\/wp-content\/uploads\/2023\/08\/MARCELAMORAGA-HRESIDENCY-1536x909.jpg 1536w, https:\/\/h-residency.org\/h-wp\/wp-content\/uploads\/2023\/08\/MARCELAMORAGA-HRESIDENCY-2048x1212.jpg 2048w\" sizes=\"auto, (max-width: 706px) 89vw, (max-width: 767px) 82vw, 740px\" \/><\/p>\n<p>Likewise, Laboratorio <a href=\"http:\/\/h-residency.org\/traza\/\">TRAZA<\/a>, taught by <a href=\"http:\/\/h-residency.org\/raimundo-edwards\/\">Raimundo Edwards Alonso<\/a>, visual artist and teacher, uses the methodology of walking as a practice of observation of the urban and territorial environment, from where the participants experience the graphic possibilities of the components of our urban and natural ecosystem, turning them into aesthetic reflections that reveal different aspects of their own nature and meaning.<\/p>\n<p>These investigations allowed for the creation of an exhibition montage from which the participants will &#8216;re-signify&#8217; the symbolic elements of our environment.<\/p>\n<p><img loading=\"lazy\" decoding=\"async\" class=\"aligncenter size-full wp-image-1173\" src=\"http:\/\/h-residency.org\/h-wp\/wp-content\/uploads\/2023\/08\/C2719.MP4.06_02_41_022.Imagen-fija001-H-Residency-2023-RESIGNIFICAR.jpg\" alt=\"Laboratorio de Formaci\u00f3n Art\u00edstica TRAZA, dirigido por Raimundo Edwards Alonso. H - Residency 2023 - RESIGNIFICAR\" width=\"1920\" height=\"1080\" srcset=\"https:\/\/h-residency.org\/h-wp\/wp-content\/uploads\/2023\/08\/C2719.MP4.06_02_41_022.Imagen-fija001-H-Residency-2023-RESIGNIFICAR.jpg 1920w, https:\/\/h-residency.org\/h-wp\/wp-content\/uploads\/2023\/08\/C2719.MP4.06_02_41_022.Imagen-fija001-H-Residency-2023-RESIGNIFICAR-300x169.jpg 300w, https:\/\/h-residency.org\/h-wp\/wp-content\/uploads\/2023\/08\/C2719.MP4.06_02_41_022.Imagen-fija001-H-Residency-2023-RESIGNIFICAR-1024x576.jpg 1024w, https:\/\/h-residency.org\/h-wp\/wp-content\/uploads\/2023\/08\/C2719.MP4.06_02_41_022.Imagen-fija001-H-Residency-2023-RESIGNIFICAR-768x432.jpg 768w, https:\/\/h-residency.org\/h-wp\/wp-content\/uploads\/2023\/08\/C2719.MP4.06_02_41_022.Imagen-fija001-H-Residency-2023-RESIGNIFICAR-1536x864.jpg 1536w\" sizes=\"auto, (max-width: 706px) 89vw, (max-width: 767px) 82vw, 740px\" \/><\/p>\n<p><img loading=\"lazy\" decoding=\"async\" class=\"aligncenter size-full wp-image-1176\" src=\"http:\/\/h-residency.org\/h-wp\/wp-content\/uploads\/2023\/08\/DSC07432-H-Residency-2023-RESIGNIFICAR.jpg\" alt=\"Laboratorio de Formaci\u00f3n Art\u00edstica TRAZA, dirigido por Raimundo Edwards Alonso. H - Residency 2023 - RESIGNIFICAR\" width=\"2200\" height=\"1238\" srcset=\"https:\/\/h-residency.org\/h-wp\/wp-content\/uploads\/2023\/08\/DSC07432-H-Residency-2023-RESIGNIFICAR.jpg 2200w, https:\/\/h-residency.org\/h-wp\/wp-content\/uploads\/2023\/08\/DSC07432-H-Residency-2023-RESIGNIFICAR-300x169.jpg 300w, https:\/\/h-residency.org\/h-wp\/wp-content\/uploads\/2023\/08\/DSC07432-H-Residency-2023-RESIGNIFICAR-1024x576.jpg 1024w, https:\/\/h-residency.org\/h-wp\/wp-content\/uploads\/2023\/08\/DSC07432-H-Residency-2023-RESIGNIFICAR-768x432.jpg 768w, https:\/\/h-residency.org\/h-wp\/wp-content\/uploads\/2023\/08\/DSC07432-H-Residency-2023-RESIGNIFICAR-1536x864.jpg 1536w, https:\/\/h-residency.org\/h-wp\/wp-content\/uploads\/2023\/08\/DSC07432-H-Residency-2023-RESIGNIFICAR-2048x1152.jpg 2048w\" sizes=\"auto, (max-width: 706px) 89vw, (max-width: 767px) 82vw, 740px\" \/><\/p>\n<p>An exhibition at the Pablo Neruda Art Gallery, belonging to the Calama Culture and Tourism Corporation, testified to the research and experimentation processes of both Formative Laboratories. This year&#8217;s programme includes talks by artists in educational establishments and audience mediation activities, which aim to bring the public of different ages closer to the languages of contemporary art and, in the same way, to open up decentralised creative spaces, aiming at the development and training in the visual arts.<\/p>\n<p>This initiative is supported by the Ministry of Cultures, Arts and Heritage in collaboration with the Museum of Natural and Cultural History of the Atacama Desert, which belongs to the Corporation of Culture and Tourism Calama.<\/p>\n<p><img loading=\"lazy\" decoding=\"async\" class=\"aligncenter wp-image-1166 size-full\" src=\"http:\/\/h-residency.org\/h-wp\/wp-content\/uploads\/2023\/08\/Ecosistema-Textil-Pukara-de-Turi-03.jpg\" alt=\"Ecosistema Textil, Historias de Monta\u00f1a y Extracciones. Laboratorio de Formaci\u00f3n Art\u00edstica, H - Residency 2023 - RESIGNIFICAR\" width=\"1800\" height=\"1200\" srcset=\"https:\/\/h-residency.org\/h-wp\/wp-content\/uploads\/2023\/08\/Ecosistema-Textil-Pukara-de-Turi-03.jpg 1800w, https:\/\/h-residency.org\/h-wp\/wp-content\/uploads\/2023\/08\/Ecosistema-Textil-Pukara-de-Turi-03-300x200.jpg 300w, https:\/\/h-residency.org\/h-wp\/wp-content\/uploads\/2023\/08\/Ecosistema-Textil-Pukara-de-Turi-03-1024x683.jpg 1024w, https:\/\/h-residency.org\/h-wp\/wp-content\/uploads\/2023\/08\/Ecosistema-Textil-Pukara-de-Turi-03-768x512.jpg 768w, https:\/\/h-residency.org\/h-wp\/wp-content\/uploads\/2023\/08\/Ecosistema-Textil-Pukara-de-Turi-03-1536x1024.jpg 1536w\" sizes=\"auto, (max-width: 706px) 89vw, (max-width: 767px) 82vw, 740px\" \/><\/p>\n<p><img loading=\"lazy\" decoding=\"async\" class=\"aligncenter size-full wp-image-1168\" src=\"http:\/\/h-residency.org\/h-wp\/wp-content\/uploads\/2023\/08\/Ecosistema-textil-marcela-moraga-millan-02-h-residency-2023-resignificar-.jpg\" alt=\"Ecosistema Textil, Historias de Monta\u00f1a y Extracciones. Laboratorio de Formaci\u00f3n Art\u00edstica, H - Residency 2023 - RESIGNIFICAR\" width=\"2200\" height=\"1238\" srcset=\"https:\/\/h-residency.org\/h-wp\/wp-content\/uploads\/2023\/08\/Ecosistema-textil-marcela-moraga-millan-02-h-residency-2023-resignificar-.jpg 2200w, https:\/\/h-residency.org\/h-wp\/wp-content\/uploads\/2023\/08\/Ecosistema-textil-marcela-moraga-millan-02-h-residency-2023-resignificar--300x169.jpg 300w, https:\/\/h-residency.org\/h-wp\/wp-content\/uploads\/2023\/08\/Ecosistema-textil-marcela-moraga-millan-02-h-residency-2023-resignificar--1024x576.jpg 1024w, https:\/\/h-residency.org\/h-wp\/wp-content\/uploads\/2023\/08\/Ecosistema-textil-marcela-moraga-millan-02-h-residency-2023-resignificar--768x432.jpg 768w, https:\/\/h-residency.org\/h-wp\/wp-content\/uploads\/2023\/08\/Ecosistema-textil-marcela-moraga-millan-02-h-residency-2023-resignificar--1536x864.jpg 1536w, https:\/\/h-residency.org\/h-wp\/wp-content\/uploads\/2023\/08\/Ecosistema-textil-marcela-moraga-millan-02-h-residency-2023-resignificar--2048x1152.jpg 2048w\" sizes=\"auto, (max-width: 706px) 89vw, (max-width: 767px) 82vw, 740px\" \/><\/p>\n<p><img loading=\"lazy\" decoding=\"async\" class=\"aligncenter size-full wp-image-1182\" src=\"http:\/\/h-residency.org\/h-wp\/wp-content\/uploads\/2023\/08\/TRAZA-estacion-san-pedro-01-H-Residency-2023-RESIGNIFICAR.jpg\" alt=\"Laboratorio de Formaci\u00f3n Art\u00edstica TRAZA, dirigido por Raimundo Edwards Alonso. H - Residency 2023 - RESIGNIFICAR\" width=\"2200\" height=\"1467\" srcset=\"https:\/\/h-residency.org\/h-wp\/wp-content\/uploads\/2023\/08\/TRAZA-estacion-san-pedro-01-H-Residency-2023-RESIGNIFICAR.jpg 2200w, https:\/\/h-residency.org\/h-wp\/wp-content\/uploads\/2023\/08\/TRAZA-estacion-san-pedro-01-H-Residency-2023-RESIGNIFICAR-300x200.jpg 300w, https:\/\/h-residency.org\/h-wp\/wp-content\/uploads\/2023\/08\/TRAZA-estacion-san-pedro-01-H-Residency-2023-RESIGNIFICAR-1024x683.jpg 1024w, https:\/\/h-residency.org\/h-wp\/wp-content\/uploads\/2023\/08\/TRAZA-estacion-san-pedro-01-H-Residency-2023-RESIGNIFICAR-768x512.jpg 768w, https:\/\/h-residency.org\/h-wp\/wp-content\/uploads\/2023\/08\/TRAZA-estacion-san-pedro-01-H-Residency-2023-RESIGNIFICAR-1536x1024.jpg 1536w, https:\/\/h-residency.org\/h-wp\/wp-content\/uploads\/2023\/08\/TRAZA-estacion-san-pedro-01-H-Residency-2023-RESIGNIFICAR-2048x1366.jpg 2048w\" sizes=\"auto, (max-width: 706px) 89vw, (max-width: 767px) 82vw, 740px\" \/><\/p>","protected":false},"excerpt":{"rendered":"<p>In this fourth version, the H Residency programme called RESIGNIFICAR invites 17 artists selected through an open call in the region of Antofagasta in Chile. The Artistic Residency space includes Training Laboratories in Calama and Alto El Loa, which are guided by two artists with extensive national and international experience: Raimundo Edwards Alonso (Chile) and &hellip; <\/p>\n<p class=\"link-more\"><a href=\"https:\/\/h-residency.org\/en\/\" class=\"more-link\">Continue reading<span class=\"screen-reader-text\"> &#8220;RESIGNIFICAR&#8221;<\/span><\/a><\/p>\n","protected":false},"author":1,"featured_media":0,"parent":0,"menu_order":0,"comment_status":"closed","ping_status":"closed","template":"","meta":{"ngg_post_thumbnail":0,"footnotes":""},"class_list":["post-1019","page","type-page","status-publish","hentry"],"acf":[],"aioseo_notices":[],"_links":{"self":[{"href":"https:\/\/h-residency.org\/en\/wp-json\/wp\/v2\/pages\/1019","targetHints":{"allow":["GET"]}}],"collection":[{"href":"https:\/\/h-residency.org\/en\/wp-json\/wp\/v2\/pages"}],"about":[{"href":"https:\/\/h-residency.org\/en\/wp-json\/wp\/v2\/types\/page"}],"author":[{"embeddable":true,"href":"https:\/\/h-residency.org\/en\/wp-json\/wp\/v2\/users\/1"}],"replies":[{"embeddable":true,"href":"https:\/\/h-residency.org\/en\/wp-json\/wp\/v2\/comments?post=1019"}],"version-history":[{"count":17,"href":"https:\/\/h-residency.org\/en\/wp-json\/wp\/v2\/pages\/1019\/revisions"}],"predecessor-version":[{"id":1459,"href":"https:\/\/h-residency.org\/en\/wp-json\/wp\/v2\/pages\/1019\/revisions\/1459"}],"wp:attachment":[{"href":"https:\/\/h-residency.org\/en\/wp-json\/wp\/v2\/media?parent=1019"}],"curies":[{"name":"wp","href":"https:\/\/api.w.org\/{rel}","templated":true}]}}