{"id":334,"date":"2020-09-28T12:14:45","date_gmt":"2020-09-28T16:14:45","guid":{"rendered":"http:\/\/h-residency.org\/?page_id=334"},"modified":"2022-03-29T22:04:25","modified_gmt":"2022-03-30T02:04:25","slug":"inscripcion","status":"publish","type":"page","link":"http:\/\/h-residency.org\/es\/inscripcion\/","title":{"rendered":"Inscripci\u00f3n al programa 2022"},"content":{"rendered":"<div class=\"wpforms-container wpforms-container-full newsletter-form inscription-form\" id=\"wpforms-336\"><form id=\"wpforms-form-336\" class=\"wpforms-validate wpforms-form\" data-formid=\"336\" method=\"post\" enctype=\"multipart\/form-data\" action=\"\/es\/wp-json\/wp\/v2\/pages\/334\" data-token=\"4ca750037ffa66fa09b5f64135c3c6e8\" data-token-time=\"1776421561\"><div class=\"wpforms-head-container\"><div class=\"wpforms-title\">Inscripci\u00f3n Programa 2022<\/div><div class=\"wpforms-description\">Inscr\u00edbete aqu\u00ed pare recibir las invitaciones e informaciones sobre las actividades, laboratorios, charlas y exposici\u00f3n de nuestro programa 2022 <\/div><\/div><noscript class=\"wpforms-error-noscript\">Por favor, activa JavaScript en tu navegador para completar este formulario.<\/noscript><div class=\"wpforms-field-container\"><div id=\"wpforms-336-field_0-container\" class=\"wpforms-field wpforms-field-name\" data-field-id=\"0\"><label class=\"wpforms-field-label\">Nombre <span class=\"wpforms-required-label\">*<\/span><\/label><div class=\"wpforms-field-row wpforms-field-medium\"><div class=\"wpforms-field-row-block wpforms-first wpforms-one-half\"><input type=\"text\" id=\"wpforms-336-field_0\" class=\"wpforms-field-name-first wpforms-field-required\" name=\"wpforms[fields][0][first]\" placeholder=\"Tu(s) nombre(s)\" required><label for=\"wpforms-336-field_0\" class=\"wpforms-field-sublabel after\">Nombre<\/label><\/div><div class=\"wpforms-field-row-block wpforms-one-half\"><input type=\"text\" id=\"wpforms-336-field_0-last\" class=\"wpforms-field-name-last wpforms-field-required\" name=\"wpforms[fields][0][last]\" placeholder=\"Tu(s) apellido(s)\" required><label for=\"wpforms-336-field_0-last\" class=\"wpforms-field-sublabel after\">Apellidos<\/label><\/div><\/div><\/div><div id=\"wpforms-336-field_1-container\" class=\"wpforms-field wpforms-field-email\" data-field-id=\"1\"><label class=\"wpforms-field-label\">Correo electr\u00f3nico <span class=\"wpforms-required-label\">*<\/span><\/label><div class=\"wpforms-field-row wpforms-field-medium\"><div class=\"wpforms-field-row-block wpforms-one-half wpforms-first\"><input type=\"email\" id=\"wpforms-336-field_1\" class=\"wpforms-field-required wpforms-field-email-primary\" name=\"wpforms[fields][1][primary]\" placeholder=\"Tu@correo.electr\u00f3nico\" spellcheck=\"false\" required><label for=\"wpforms-336-field_1\" class=\"wpforms-field-sublabel after\">Correo electr\u00f3nico<\/label><\/div><div class=\"wpforms-field-row-block wpforms-one-half\"><input type=\"email\" id=\"wpforms-336-field_1-secondary\" class=\"wpforms-field-email-secondary wpforms-field-required\" data-rule-confirm=\"#wpforms-336-field_1\" name=\"wpforms[fields][1][secondary]\" placeholder=\"Confirma tu correo electr\u00f3nico\" spellcheck=\"false\" required><label for=\"wpforms-336-field_1-secondary\" class=\"wpforms-field-sublabel after\">Confirmar el correo electr\u00f3nico<\/label><\/div><\/div><\/div><div id=\"wpforms-336-field_10-container\" class=\"wpforms-field wpforms-field-number\" data-field-id=\"10\"><label class=\"wpforms-field-label\" for=\"wpforms-336-field_10\">Tel\u00e9fono <span class=\"wpforms-required-label\">*<\/span><\/label><input type=\"number\" id=\"wpforms-336-field_10\" class=\"wpforms-field-small wpforms-field-required\" name=\"wpforms[fields][10]\" placeholder=\"+56 9 9999 9999\" step=\"any\" required><div class=\"wpforms-field-description\">Ingresa aqu\u00ed tu numero de tel\u00e9fono. <br> Prometemos que \u00e9ste s\u00f3lo ser\u00e1 utilizado con fines organizativos de las actividades de H Residency y que no ser\u00e1 compartido con otras entidades ni personas.<\/div><\/div><div id=\"wpforms-336-field_8-container\" class=\"wpforms-field wpforms-field-checkbox retirar-cartografia\" data-field-id=\"8\"><label class=\"wpforms-field-label\">\u00bfA que actividad desear inscribirte? <span class=\"wpforms-required-label\">*<\/span><\/label><ul id=\"wpforms-336-field_8\" class=\"wpforms-field-required\"><li class=\"choice-8 depth-1\"><input type=\"checkbox\" id=\"wpforms-336-field_8_8\" name=\"wpforms[fields][8][]\" value=\"Charla de Artista : &lt;a href=&quot;https:\/\/h-residency.org\/es\/arte-en-el-desierto-david-corvalan\/&quot;&gt;David Corval\u00e1n&lt;\/a&gt;\" required ><label class=\"wpforms-field-label-inline\" for=\"wpforms-336-field_8_8\">Charla de Artista : <a href=\"https:\/\/h-residency.org\/es\/arte-en-el-desierto-david-corvalan\/\">David Corval\u00e1n<\/a><\/label><\/li><li class=\"choice-9 depth-1\"><input type=\"checkbox\" id=\"wpforms-336-field_8_9\" name=\"wpforms[fields][8][]\" value=\"Charla de Artista : &lt;a href=&quot;https:\/\/h-residency.org\/es\/charla-de-artista-de-liina-klauss\/&quot;&gt;Liina Klaus (online)&lt;\/a&gt;\" required ><label class=\"wpforms-field-label-inline\" for=\"wpforms-336-field_8_9\">Charla de Artista : <a href=\"https:\/\/h-residency.org\/es\/charla-de-artista-de-liina-klauss\/\">Liina Klaus (online)<\/a><\/label><\/li><\/ul><\/div><div id=\"wpforms-336-field_5-container\" class=\"wpforms-field wpforms-field-checkbox\" data-field-id=\"5\"><ul id=\"wpforms-336-field_5\"><li class=\"choice-1 depth-1\"><input type=\"checkbox\" id=\"wpforms-336-field_5_1\" name=\"wpforms[fields][5][]\" value=\"Deseo inscribirme adem\u00e1s al bolet\u00edn informativo de H Residency\"  ><label class=\"wpforms-field-label-inline\" for=\"wpforms-336-field_5_1\">Deseo inscribirme adem\u00e1s al bolet\u00edn informativo de H Residency<\/label><\/li><\/ul><\/div><\/div><!-- .wpforms-field-container --><div class=\"wpforms-recaptcha-container wpforms-is-recaptcha wpforms-is-recaptcha-type-invisible\" ><div class=\"g-recaptcha\" data-sitekey=\"6LfRMcQZAAAAAJaq3w_vlPK-OAQa7UKaHT6a7kr-\" data-size=\"invisible\"><\/div><\/div><div class=\"wpforms-submit-container\" ><input type=\"hidden\" name=\"wpforms[id]\" value=\"336\"><input type=\"hidden\" name=\"page_title\" value=\"\"><input type=\"hidden\" name=\"page_url\" value=\"http:\/\/h-residency.org\/es\/wp-json\/wp\/v2\/pages\/334\"><input type=\"hidden\" name=\"url_referer\" value=\"\"><button type=\"submit\" name=\"wpforms[submit]\" id=\"wpforms-submit-336\" class=\"wpforms-submit\" data-alt-text=\"Enviando...\" data-submit-text=\"Enviar\" aria-live=\"assertive\" value=\"wpforms-submit\">Enviar<\/button><\/div><\/form><\/div>  <!-- .wpforms-container -->\n","protected":false},"excerpt":{"rendered":"","protected":false},"author":1,"featured_media":0,"parent":0,"menu_order":0,"comment_status":"closed","ping_status":"closed","template":"","meta":{"ngg_post_thumbnail":0,"footnotes":""},"class_list":["post-334","page","type-page","status-publish","hentry"],"acf":[],"aioseo_notices":[],"_links":{"self":[{"href":"http:\/\/h-residency.org\/es\/wp-json\/wp\/v2\/pages\/334","targetHints":{"allow":["GET"]}}],"collection":[{"href":"http:\/\/h-residency.org\/es\/wp-json\/wp\/v2\/pages"}],"about":[{"href":"http:\/\/h-residency.org\/es\/wp-json\/wp\/v2\/types\/page"}],"author":[{"embeddable":true,"href":"http:\/\/h-residency.org\/es\/wp-json\/wp\/v2\/users\/1"}],"replies":[{"embeddable":true,"href":"http:\/\/h-residency.org\/es\/wp-json\/wp\/v2\/comments?post=334"}],"version-history":[{"count":4,"href":"http:\/\/h-residency.org\/es\/wp-json\/wp\/v2\/pages\/334\/revisions"}],"predecessor-version":[{"id":653,"href":"http:\/\/h-residency.org\/es\/wp-json\/wp\/v2\/pages\/334\/revisions\/653"}],"wp:attachment":[{"href":"http:\/\/h-residency.org\/es\/wp-json\/wp\/v2\/media?parent=334"}],"curies":[{"name":"wp","href":"https:\/\/api.w.org\/{rel}","templated":true}]}}